{"id":148,"date":"2023-03-03T16:37:36","date_gmt":"2023-03-03T19:37:36","guid":{"rendered":"http:\/\/arenarally.com.br\/arena\/?page_id=148"},"modified":"2026-05-06T08:24:42","modified_gmt":"2026-05-06T11:24:42","slug":"programacao-rally-jalapao","status":"publish","type":"page","link":"http:\/\/arenarally.com.br\/arena\/programacao-rally-jalapao\/","title":{"rendered":"Programa\u00e7\u00e3o Rally Jalap\u00e3o"},"content":{"rendered":"\n<p class=\"has-text-align-center\"><strong>Programa\u00e7\u00e3o 12\u00ba Rally Jalap\u00e3o &#8211; 202<\/strong>6<\/p>\n\n\n\n<p class=\"has-text-align-left\"><br><strong>14\/06 \u2013 Domingo<\/strong><br>10h00 &#8211; Abertura da \u00e1rea box<br>Local &#8211; Centro de Conven\u00e7\u00f5es Arnaud Rodrigues \u2013 Palmas\/TO \u2013 Av. NS s\/n<\/p>\n\n\n\n<p><strong>15\/06 \u2013 Segunda-feira<\/strong><br>09h00 \u00e0s 12h00 e 14h00 \u00e0s 18h00 &#8211; Secretaria de Prova, entrega do Stella.<br>Local &#8211; Centro de Conven\u00e7\u00f5es.<br>14h00 \u00e0s 18h00 \u2013 Vistorias CBM, CBA, FIM e STELLA<br>18h00 \u2013 Briefing equipes de apoio<br>Local: Parque de apoio<\/p>\n\n\n\n<p><strong>16\/06 \u2013 Ter\u00e7a-feira<\/strong><br>08h00 \u00e0s 09h00 \u2013 Vistorias com multa<br>10h00 \u2013 Pr\u00f3logo<br>14h00 \u00e0s 15h00 &#8211; Parque Fechado<br>Local &#8211; Capim Dourado Shopping<br>16h00 \u2013 Briefing Geral<br>Local &#8211; centro de convenc\u00f4es<br>18h00 \u2013 Largada promocional<br>Local \u2013 Capim Dourado Shopping<\/p>\n\n\n\n<p><strong>17\/06 \u2013 Quarta-feira &#8211; Etapa 1<\/strong><br>Palmas (TO) \/ Lizarda (TO)<br>20h00 \u2013 Briefing<\/p>\n\n\n\n<p><strong>18\/06 \u2013 Quinta-feira \u2013 ETAPA 2<\/strong><br>Lizarda (TO) \/ S\u00e3o Felix do Tocantins (TO)<br>20h00 \u2013 Briefing<\/p>\n\n\n\n<p><strong>19\/06 \u2013 Sexta-feira \u2013 ETAPA 3<\/strong><br>S\u00e3o Felix do Tocantins (TO) \/ S\u00e3o Felix do Tocantins (TO)<br>20h00 &#8211; Briefing<\/p>\n\n\n\n<p class=\"has-text-align-left\"><strong>20\/06 \u2013 S\u00e1bado \u2013 ETAPA 4<\/strong><br>S\u00e3o Felix do Tocantins (TO) \/ Palmas (TO)<br>Chegada e Parque fechado<br>A partir das 19h00 \u2013 Premia\u00e7\u00e3o<br><br>OBS- Carretas e caminh\u00f5es est\u00e3o autorizados a permanecer no Centro de<br>Conven\u00e7\u00f5es em Palmas.<\/p>\n\n\n\n<p><\/p>\n","protected":false},"excerpt":{"rendered":"<p>Programa\u00e7\u00e3o 12\u00ba Rally Jalap\u00e3o &#8211; 2026 14\/06 \u2013 Domingo10h00 &#8211; Abertura da \u00e1rea boxLocal &#8211; Centro de Conven\u00e7\u00f5es Arnaud Rodrigues \u2013 Palmas\/TO \u2013 Av. NS s\/n 15\/06 \u2013 Segunda-feira09h00 \u00e0s 12h00 e 14h00 \u00e0s 18h00 &#8211; Secretaria de Prova, entrega do Stella.Local &#8211; Centro de Conven\u00e7\u00f5es.14h00 \u00e0s 18h00 \u2013 Vistorias CBM, CBA, FIM e STELLA18h00 [&hellip;]<\/p>\n","protected":false},"author":1,"featured_media":0,"parent":0,"menu_order":0,"comment_status":"closed","ping_status":"closed","template":"","meta":{"footnotes":""},"class_list":["post-148","page","type-page","status-publish","hentry"],"_links":{"self":[{"href":"http:\/\/arenarally.com.br\/arena\/wp-json\/wp\/v2\/pages\/148","targetHints":{"allow":["GET"]}}],"collection":[{"href":"http:\/\/arenarally.com.br\/arena\/wp-json\/wp\/v2\/pages"}],"about":[{"href":"http:\/\/arenarally.com.br\/arena\/wp-json\/wp\/v2\/types\/page"}],"author":[{"embeddable":true,"href":"http:\/\/arenarally.com.br\/arena\/wp-json\/wp\/v2\/users\/1"}],"replies":[{"embeddable":true,"href":"http:\/\/arenarally.com.br\/arena\/wp-json\/wp\/v2\/comments?post=148"}],"version-history":[{"count":7,"href":"http:\/\/arenarally.com.br\/arena\/wp-json\/wp\/v2\/pages\/148\/revisions"}],"predecessor-version":[{"id":1135,"href":"http:\/\/arenarally.com.br\/arena\/wp-json\/wp\/v2\/pages\/148\/revisions\/1135"}],"wp:attachment":[{"href":"http:\/\/arenarally.com.br\/arena\/wp-json\/wp\/v2\/media?parent=148"}],"curies":[{"name":"wp","href":"https:\/\/api.w.org\/{rel}","templated":true}]}}