{"id":94,"date":"2023-01-23T15:32:02","date_gmt":"2023-01-23T18:32:02","guid":{"rendered":"http:\/\/arenarally.com.br\/arena\/?page_id=94"},"modified":"2026-01-23T19:19:08","modified_gmt":"2026-01-23T22:19:08","slug":"valores-rally-rn-1500","status":"publish","type":"page","link":"https:\/\/arenarally.com.br\/arena\/valores-rally-rn-1500\/","title":{"rendered":"Valores Rally RN 1500 2026"},"content":{"rendered":"<div class=\"wp-block-image\">\n<figure class=\"aligncenter size-full\"><img loading=\"lazy\" decoding=\"async\" width=\"300\" height=\"150\" src=\"http:\/\/arenarally.com.br\/arena\/wp-content\/uploads\/2026\/01\/logo_rn.png\" alt=\"\" class=\"wp-image-1090\"\/><\/figure>\n<\/div>\n\n\n<figure class=\"wp-block-table\"><table><tbody><tr><td><\/td><td class=\"has-text-align-right\" data-align=\"right\"><strong>At\u00e9 28\/02<\/strong><\/td><td class=\"has-text-align-right\" data-align=\"right\"><strong>De 01\/03 at\u00e9 22\/03<\/strong><\/td><td class=\"has-text-align-right\" data-align=\"right\"><strong>De 23\/03 at\u00e9 10\/04<\/strong><\/td><td class=\"has-text-align-right\" data-align=\"right\"><strong>Na secretaria<\/strong><\/td><\/tr><tr><td><strong>Motos \/ Quadris<\/strong><\/td><td class=\"has-text-align-right\" data-align=\"right\">7.900,00+ R$ 600,00(GPS)<\/td><td class=\"has-text-align-right\" data-align=\"right\">8.300,00 + R$ 600,00(GPS)<\/td><td class=\"has-text-align-right\" data-align=\"right\">8.700,00 + R$ 600,00(GPS)<\/td><td class=\"has-text-align-right\" data-align=\"right\">9.100,00 + R$ 600,00(GPS)<\/td><\/tr><tr><td><strong>Moto Brasil \/ Regional \/<\/strong> <strong>Big Trail<\/strong><\/td><td class=\"has-text-align-right\" data-align=\"right\">5.700,00 + R$ 600,00(GPS)<\/td><td class=\"has-text-align-right\" data-align=\"right\">6.100,00 + R$ 600,00(GPS)<\/td><td class=\"has-text-align-right\" data-align=\"right\">6.500,00 + R$ 600,00(GPS)<\/td><td class=\"has-text-align-right\" data-align=\"right\">6.900,00 + R$ 600,00(GPS)<\/td><\/tr><tr><td><strong>UTV<\/strong><\/td><td class=\"has-text-align-right\" data-align=\"right\">12.600,00 + R$ 800,00(GPS)<\/td><td class=\"has-text-align-right\" data-align=\"right\">13.000,00 + R$ 800,00(GPS)<\/td><td class=\"has-text-align-right\" data-align=\"right\">13.400,00 + R$ 800,00(GPS)<\/td><td class=\"has-text-align-right\" data-align=\"right\">13.800,00+ R$ 800,00(GPS)<\/td><\/tr><tr><td><strong>Carros Stock \/ Ultimate SP<\/strong><\/td><td class=\"has-text-align-right\" data-align=\"right\">12.600,00 + R$ 800,00(GPS)<\/td><td class=\"has-text-align-right\" data-align=\"right\">13.000,00 + R$ 800,00(GPS)<\/td><td class=\"has-text-align-right\" data-align=\"right\">13.400,00 + R$ 800,00(GPS)<\/td><td class=\"has-text-align-right\" data-align=\"right\">13.800,00 + R$ 800,00(GPS)<\/td><\/tr><tr><td><strong>Carros demais categorias<\/strong><\/td><td class=\"has-text-align-right\" data-align=\"right\">16.200,00 + R$ 800,00(GPS)<\/td><td class=\"has-text-align-right\" data-align=\"right\">16.600,00 + R$ 800,00(GPS)<\/td><td class=\"has-text-align-right\" data-align=\"right\">17.000,00 + R$ 800,00(GPS)<\/td><td class=\"has-text-align-right\" data-align=\"right\">17.400,00 + R$ 800,00(GPS)<\/td><\/tr><\/tbody><\/table><\/figure>\n\n\n\n<pre class=\"wp-block-preformatted\">Valor da loca\u00e7\u00e3o do Stella Evo R$ 2.180,00<br>Kit de instala\u00e7\u00e3o do Stella: R$ 1.720,00<br><br><br>As inscri\u00e7\u00f5es dever\u00e3o ser feitas pela internet atrav\u00e9s do site www.arenarally.com.br. O pagamento ser\u00e1 atrav\u00e9s de dep\u00f3sito banc\u00e1rio\/pix.<br><br>Para os casos excepcionais (ap\u00f3s dia <strong>10\/04<\/strong>) a inscri\u00e7\u00e3o dever\u00e1 ser feita na secretaria de prova pessoalmente ou pelo telefone (17) 98109-2794. O pagamento dever\u00e1 ser feito na secretaria de prova ou atrav\u00e9s de transfer\u00eancia banc\u00e1ria.<br><strong>Dep\u00f3sito da inscri\u00e7\u00e3o, GPS e Stella:<\/strong><br>ARENA E FRANCO PROMO\u00c7\u00d5ES E EVENTOS LTDA ME<br>Banco Ita\u00fa ag. 7398 c\/c 03593-6<br>Chave PIX: CNPJ \u2013 11.727.541\/0001-32<br><br>No caso de desist\u00eancia, at\u00e9 <strong>11\/03<\/strong>, ser\u00e1 devolvido 50% do valor pago pela inscri\u00e7\u00e3o, ap\u00f3s essa data, n\u00e3o haver\u00e1 devolu\u00e7\u00e3o.<br><br>Documentos necess\u00e1rios<br>Os documentos; CNH, Documento\/NF do ve\u00edculo, Carteira da filia\u00e7\u00e3o, Carteira do plano de sa\u00fade e autoriza\u00e7\u00e3o do propriet\u00e1rio do ve\u00edculo (se o ve\u00edculo n\u00e3o estiver no nome do piloto\/navegador), poder\u00e3o ser enviados pelo site ou para o e-mail secretaria@arenarally.com.br, facilitando a retirada do material pelas equipes na secretaria da prova.<br>Pilotos estrangeiros: Autoriza\u00e7\u00e3o da federa\u00e7\u00e3o de origem e passaporte.<\/pre>\n","protected":false},"excerpt":{"rendered":"<p>At\u00e9 28\/02 De 01\/03 at\u00e9 22\/03 De 23\/03 at\u00e9 10\/04 Na secretaria Motos \/ Quadris 7.900,00+ R$ 600,00(GPS) 8.300,00 + R$ 600,00(GPS) 8.700,00 + R$ 600,00(GPS) 9.100,00 + R$ 600,00(GPS) Moto Brasil \/ Regional \/ Big Trail 5.700,00 + R$ 600,00(GPS) 6.100,00 + R$ 600,00(GPS) 6.500,00 + R$ 600,00(GPS) 6.900,00 + R$ 600,00(GPS) UTV 12.600,00 [&hellip;]<\/p>\n","protected":false},"author":1,"featured_media":0,"parent":0,"menu_order":0,"comment_status":"closed","ping_status":"closed","template":"","meta":{"footnotes":""},"class_list":["post-94","page","type-page","status-publish","hentry"],"_links":{"self":[{"href":"https:\/\/arenarally.com.br\/arena\/wp-json\/wp\/v2\/pages\/94","targetHints":{"allow":["GET"]}}],"collection":[{"href":"https:\/\/arenarally.com.br\/arena\/wp-json\/wp\/v2\/pages"}],"about":[{"href":"https:\/\/arenarally.com.br\/arena\/wp-json\/wp\/v2\/types\/page"}],"author":[{"embeddable":true,"href":"https:\/\/arenarally.com.br\/arena\/wp-json\/wp\/v2\/users\/1"}],"replies":[{"embeddable":true,"href":"https:\/\/arenarally.com.br\/arena\/wp-json\/wp\/v2\/comments?post=94"}],"version-history":[{"count":21,"href":"https:\/\/arenarally.com.br\/arena\/wp-json\/wp\/v2\/pages\/94\/revisions"}],"predecessor-version":[{"id":1092,"href":"https:\/\/arenarally.com.br\/arena\/wp-json\/wp\/v2\/pages\/94\/revisions\/1092"}],"wp:attachment":[{"href":"https:\/\/arenarally.com.br\/arena\/wp-json\/wp\/v2\/media?parent=94"}],"curies":[{"name":"wp","href":"https:\/\/api.w.org\/{rel}","templated":true}]}}